{"id":84,"date":"2024-08-09T18:20:09","date_gmt":"2024-08-09T16:20:09","guid":{"rendered":"https:\/\/www.chassieu-athle.fr\/wordpress\/?page_id=84"},"modified":"2025-07-06T20:01:20","modified_gmt":"2025-07-06T18:01:20","slug":"inscriptions","status":"publish","type":"page","link":"http:\/\/www.chassieu-athle.fr\/wordpress\/index.php\/inscriptions\/","title":{"rendered":"Inscriptions"},"content":{"rendered":"\n<div class=\"wp-block-group\"><div class=\"wp-block-group__inner-container is-layout-constrained wp-block-group-is-layout-constrained\">\n<div class=\"wp-block-buttons is-layout-flex wp-block-buttons-is-layout-flex\">\n<div class=\"wp-block-button\"><a class=\"wp-block-button__link wp-element-button\" href=\"http:\/\/www.chassieu-athle.fr\/wordpress\/wp-content\/uploads\/2025\/07\/fichierInscription20252026.pdf\" target=\"_blank\" rel=\"noreferrer noopener\">Dossier d&#8217;inscription 2025-2026 <\/a><\/div>\n<\/div>\n<\/div><\/div>\n\n\n\n<p><\/p>\n\n\n\n<div class=\"wp-block-buttons is-layout-flex wp-block-buttons-is-layout-flex\">\n<div class=\"wp-block-button\"><a class=\"wp-block-button__link wp-element-button\" href=\"https:\/\/www.helloasso.com\/associations\/chassieu-athle\/adhesions\/adhesion-2025-2026-chassieu-athle\" target=\"_blank\" rel=\"noreferrer noopener\">Paiement en ligne<\/a><\/div>\n<\/div>\n\n\n\n<p><\/p>\n\n\n\n<div class=\"wp-block-buttons is-layout-flex wp-block-buttons-is-layout-flex\">\n<div class=\"wp-block-button\"><a class=\"wp-block-button__link wp-element-button\" href=\"http:\/\/www.chassieu-athle.fr\/wordpress\/wp-content\/uploads\/2025\/07\/questionnaireSanteMineur.pdf\" target=\"_blank\" rel=\"noreferrer noopener\">Telechargement questionnaire sante mineurs<\/a><\/div>\n<\/div>\n\n\n\n<p><\/p>\n\n\n\n<h5 class=\"wp-block-heading\">Nous serons pr\u00e9sents : <\/h5>\n\n\n\n<ul class=\"wp-block-list\">\n<li><strong>au forum des associations de Chassieu le samedi 6 septembre 2025 de 9h \u00e0 14h (complexe Romain Tisserand).<\/strong><\/li>\n\n\n\n<li><strong>au forum des associations de Genas le samedi 6 septembre 2025 de 9h \u00e0 12h (salle Jacques Anquetil).<\/strong><\/li>\n<\/ul>\n\n\n\n<p>Afin de valider votre adh\u00e9sion au sein de Chassieu Athl\u00e9, merci de faire parvenir le dossier complet au club soit lors des forums de la rentr\u00e9e 2025 soit lors d&#8217;un entra\u00eenement au stade Romain Tisserand. <\/p>\n\n\n\n<p>Votre dossier complet doit comporter tous les \u00e9l\u00e9ments ci-dessous :<\/p>\n\n\n\n<p>1) Dossier d&#8217;inscription compl\u00e9t\u00e9<\/p>\n\n\n\n<p>2) Le justificatif m\u00e9dical :<\/p>\n\n\n\n<p>Pour les mineurs : compl\u00e9tez le questionnaire sant\u00e9 joint.<\/p>\n\n\n\n<p>Pour les majeurs, renouvelant leur licence : r\u00e9pondre au questionnaire sant\u00e9 accessible sur votre espace sant\u00e9 sur le site de la FFA.<\/p>\n\n\n\n<p>Pour les majeurs, nouveaux adh\u00e9rents : vous aurez \u00e0 r\u00e9pondre au questionnaire sant\u00e9, une fois l&#8217;enregistrement de votre inscription par le club r\u00e9alis\u00e9.<\/p>\n\n\n\n<p>Bien s\u00fbr, en cas de doute ou questionnement sur votre \u00e9tat de sant\u00e9 : consultez votre m\u00e9decin pour un avis m\u00e9dical \u00e0 la pratique de l&#8217;athl\u00e9tisme ou de la course \u00e0 pied.<\/p>\n\n\n\n<p>3) Votre cotisation par ch\u00e8que (\u00e0 l&#8217;ordre de Chassieu Athle), paiement en ligne ci-dessus (lien Hello Asso), coupons sport (pass r\u00e9gion -30 euros; pass sport -50 euros ; pass loisir) ou ch\u00e8ques vacances.<\/p>\n\n\n\n<p>Seuls les dossiers complets seront pris en compte !<\/p>\n\n\n\n<p>4) R\u00e9ception de votre licence (pour les cat\u00e9gories Benjamins \u00e0 Master) La FFA vous adresse votre licence directement par mail. Conservez-la ! L&#8217;exp\u00e9diteur du mail se nomme DSI (ne pas confondre avec une publicit\u00e9 et contr\u00f4lez vos spams)<\/p>\n\n\n\n<p><\/p>\n","protected":false},"excerpt":{"rendered":"<p>Nous serons pr\u00e9sents : Afin de valider votre adh\u00e9sion au sein de Chassieu Athl\u00e9, merci de faire parvenir le dossier complet au club soit lors des forums de la rentr\u00e9e 2025 soit lors d&#8217;un entra\u00eenement au stade Romain Tisserand. Votre dossier complet doit comporter tous les \u00e9l\u00e9ments ci-dessous : 1) Dossier d&#8217;inscription compl\u00e9t\u00e9 2) Le &hellip; <a href=\"http:\/\/www.chassieu-athle.fr\/wordpress\/index.php\/inscriptions\/\" class=\"more-link\">Continue reading <span class=\"screen-reader-text\">Inscriptions<\/span> <span class=\"meta-nav\">&rarr;<\/span><\/a><\/p>\n","protected":false},"author":1,"featured_media":0,"parent":0,"menu_order":0,"comment_status":"closed","ping_status":"closed","template":"","meta":{"_price":"","_stock":"","_tribe_ticket_header":"","_tribe_default_ticket_provider":"","_tribe_ticket_capacity":"0","_ticket_start_date":"","_ticket_end_date":"","_tribe_ticket_show_description":"","_tribe_ticket_show_not_going":false,"_tribe_ticket_use_global_stock":"","_tribe_ticket_global_stock_level":"","_global_stock_mode":"","_global_stock_cap":"","_tribe_rsvp_for_event":"","_tribe_ticket_going_count":"","_tribe_ticket_not_going_count":"","_tribe_tickets_list":"[]","_tribe_ticket_has_attendee_info_fields":false,"footnotes":"","_tec_slr_enabled":"","_tec_slr_layout":""},"class_list":["post-84","page","type-page","status-publish","hentry"],"ticketed":false,"_links":{"self":[{"href":"http:\/\/www.chassieu-athle.fr\/wordpress\/index.php\/wp-json\/wp\/v2\/pages\/84","targetHints":{"allow":["GET"]}}],"collection":[{"href":"http:\/\/www.chassieu-athle.fr\/wordpress\/index.php\/wp-json\/wp\/v2\/pages"}],"about":[{"href":"http:\/\/www.chassieu-athle.fr\/wordpress\/index.php\/wp-json\/wp\/v2\/types\/page"}],"author":[{"embeddable":true,"href":"http:\/\/www.chassieu-athle.fr\/wordpress\/index.php\/wp-json\/wp\/v2\/users\/1"}],"replies":[{"embeddable":true,"href":"http:\/\/www.chassieu-athle.fr\/wordpress\/index.php\/wp-json\/wp\/v2\/comments?post=84"}],"version-history":[{"count":17,"href":"http:\/\/www.chassieu-athle.fr\/wordpress\/index.php\/wp-json\/wp\/v2\/pages\/84\/revisions"}],"predecessor-version":[{"id":721,"href":"http:\/\/www.chassieu-athle.fr\/wordpress\/index.php\/wp-json\/wp\/v2\/pages\/84\/revisions\/721"}],"wp:attachment":[{"href":"http:\/\/www.chassieu-athle.fr\/wordpress\/index.php\/wp-json\/wp\/v2\/media?parent=84"}],"curies":[{"name":"wp","href":"https:\/\/api.w.org\/{rel}","templated":true}]}}